{"id":3,"date":"2020-10-07T20:39:04","date_gmt":"2020-10-07T20:39:04","guid":{"rendered":"https:\/\/finestagency.ee\/?page_id=3"},"modified":"2021-02-25T15:40:44","modified_gmt":"2021-02-25T13:40:44","slug":"privaatsuspoliitika","status":"publish","type":"page","link":"https:\/\/finestagency.ee\/en\/privaatsuspoliitika\/","title":{"rendered":"Privacy policy"},"content":{"rendered":"<h2 class=\"wp-block-heading\">Website Use, Privacy and Cookie Policy on https:\/\/finestagency.ee <\/h2>\n\n\n\n<p>Effective from 1 February 2021<\/p>\n\n\n\n<p><strong>1. Personal data processing by O\u00dc Finest Agency<\/strong><\/p>\n\n\n\n<p>O\u00dc Finest Agency processes the following data about a client: first and last name, phone number, e-mail address, personal inquiry information and date.<\/p>\n\n\n\n<p><strong>2. Purposes of processing the clients\u2019 personal data<\/strong><\/p>\n\n\n\n<p>O\u00dc Finest Agency processes its clients\u2019 personal data (as specified in Section 1) for the following purposes:<\/p>\n\n\n\n<p>1. creating and managing the client base of O\u00dc Finest Agency;<br>2. providing services to clients;<br>3. analysing and improving the services of O\u00dc Finest Agency;;<br>4. website management;<br>5. compliance with legal requirements;<br>6. responding to the clients\u2019 inquiries.<\/p>\n\n\n\n<p><strong>3. Use and storage of personal data<\/strong><\/p>\n\n\n\n<p>O\u00dc Finest Agency will not disclose the personal data of its clients to any third parties. All data is used exclusively for communication purposes and for providing better products or services. O\u00dc Finest Agency may send its clients information about its services, products, newsletters and offers if a client has provided us with their contact information, but only as long as the client has not requested the termination of these activities or opted out from the newsletter.<\/p>\n\n\n\n<p>The data is stored until the client requests to be removed from the client list.<br>If you have any questions, please contact us at&nbsp;<a href=\"mailto:info@finestagency.ee\" class=\"rank-math-link\">info@finestagency.ee<\/a><\/p>\n\n\n\n<p>O\u00dc Finest Agency has implemented the necessary technical, physical and organisational security measures to protect our clients\u2019 personal data from loss and illegal processing.<\/p>\n\n\n\n<p><strong>4. Cookies<\/strong><\/p>\n\n\n\n<p>The website of O\u00dc Finest Agency (finestagency.ee) uses cookies. A cookie is a small text file that a web browser automatically saves on the user\u2019s device. Cookies are used to collect information about how our clients use our website. This helps us provide our clients with a more personalised and user-friendly website experience.<\/p>\n\n\n\n<p><a href=\"https:\/\/finestagency.ee\/en\/\" class=\"rank-math-link\">https:\/\/finestagency.ee<\/a>&nbsp;uses the following cookies:<br>1. session cookies that allow using the service;<br>2. first and\/or third-party cookies, the purpose of which is to show the client relevant advertising, make offers and improve the user experience;<br>3. third-party analytics cookies that are intended to optimise marketing communication. The client can block the cookies stored on their device by changing the corresponding settings of their web browser. However, by disabling these cookies, the website may not function properly and\/or be accessible.<\/p>\n\n\n\n<p><a href=\"https:\/\/finestagency.ee\/en\/\" class=\"rank-math-link\">https:\/\/finestagency.ee<\/a>&nbsp;uses cookies to improve your user experience and make your visit more convenient. By using our website, you agree to the use of cookies as described in our Website Use, Privacy and Cookie Policy.<\/p>\n\n\n\n<p><strong>5. Rights of the client<\/strong><\/p>\n\n\n\n<p>Clients have the right to access the personal data processed about them by O\u00dc Finest Agency, as well as the right to have inaccurate personal data rectified.<\/p>\n\n\n\n<p>If the client has questions about their rights or has reason to believe that O\u00dc Finest Agency has committed a personal data breach, the client should contact us at&nbsp;<a href=\"mailto:info@finestagency.ee\" class=\"rank-math-link\">info@finestagency.ee<\/a>.<\/p>\n\n\n\n<p><strong>6. Other provisions<\/strong><\/p>\n\n\n\n<p>O\u00dc Finest Agency reserves the right to unilaterally make changes to the Website Use, Privacy and Cookie Policy. The latest version of this Policy is always available on this website.<\/p>\n\n\n\n<p>This Website Use, Privacy and Cookie Policy is subject to the laws of the Republic of Estonia. Any disputes or claims arising from the Policy will be settled at Harju County Court in Tallinn.<\/p>","protected":false},"excerpt":{"rendered":"<p>Privaatsuspoliitika ja k\u00fcpsiste kasutamine&nbsp;https:\/\/finestagency.ee lehel Kehtiv alates 01.02.2021 1. O\u00dc Finest Agency isikuandmete t\u00f6\u00f6tlemise protsess O\u00dc Finest Agency t\u00f6\u00f6tleb j\u00e4rgmisi kliendi andmeid: ees- ja perekonnanimi, telefoninumber, e-posti aadress, isikuga seotud personaalse p\u00e4ringu informatsiooni ja kuup\u00e4eva. 2. Kliendi isikuandmete (andmete) t\u00f6\u00f6tlemise eesm\u00e4rgid O\u00dc Finest Agency t\u00f6\u00f6tleb punktis 1 kirjeldatud kliendi isikuandmeid j\u00e4rgmistel eesm\u00e4rkidel: 1. O\u00dc Finest [&hellip;]<\/p>","protected":false},"author":1,"featured_media":0,"parent":0,"menu_order":0,"comment_status":"closed","ping_status":"open","template":"","meta":{"footnotes":""},"class_list":["post-3","page","type-page","status-publish","hentry"],"_links":{"self":[{"href":"https:\/\/finestagency.ee\/en\/wp-json\/wp\/v2\/pages\/3","targetHints":{"allow":["GET"]}}],"collection":[{"href":"https:\/\/finestagency.ee\/en\/wp-json\/wp\/v2\/pages"}],"about":[{"href":"https:\/\/finestagency.ee\/en\/wp-json\/wp\/v2\/types\/page"}],"author":[{"embeddable":true,"href":"https:\/\/finestagency.ee\/en\/wp-json\/wp\/v2\/users\/1"}],"replies":[{"embeddable":true,"href":"https:\/\/finestagency.ee\/en\/wp-json\/wp\/v2\/comments?post=3"}],"version-history":[{"count":13,"href":"https:\/\/finestagency.ee\/en\/wp-json\/wp\/v2\/pages\/3\/revisions"}],"predecessor-version":[{"id":149,"href":"https:\/\/finestagency.ee\/en\/wp-json\/wp\/v2\/pages\/3\/revisions\/149"}],"wp:attachment":[{"href":"https:\/\/finestagency.ee\/en\/wp-json\/wp\/v2\/media?parent=3"}],"curies":[{"name":"wp","href":"https:\/\/api.w.org\/{rel}","templated":true}]}}