{"id":3,"date":"2020-10-07T20:39:04","date_gmt":"2020-10-07T20:39:04","guid":{"rendered":"https:\/\/finestagency.ee\/?page_id=3"},"modified":"2021-02-25T15:40:44","modified_gmt":"2021-02-25T13:40:44","slug":"privaatsuspoliitika","status":"publish","type":"page","link":"https:\/\/finestagency.ee\/fi\/privaatsuspoliitika\/","title":{"rendered":"Tietosuojak\u00e4yt\u00e4nt\u00f6"},"content":{"rendered":"<h2 class=\"wp-block-heading\">Tietosuojak\u00e4yt\u00e4nt\u00f6 ja ev\u00e4steiden k\u00e4ytt\u00f6 https:\/\/finestagency.ee <\/h2>\n\n\n\n<p>Voimassa 1.2.2021 alkaen<\/p>\n\n\n\n<p><strong>1. O\u00dc Finest Agencyn henkil\u00f6tietojen k\u00e4sittelyprosessi<\/strong><\/p>\n\n\n\n<p>O\u00dc Finest Agency k\u00e4sittelee seuraavia asiakastietoja: etu- ja sukunimi, puhelinnumero, s\u00e4hk\u00f6postiosoite, henkil\u00f6\u00f6n liittyv\u00e4t henkil\u00f6kohtaisen kyselyn tiedot ja p\u00e4iv\u00e4m\u00e4\u00e4r\u00e4.<\/p>\n\n\n\n<p><strong>2. Henkil\u00f6tietojen (tietojen) k\u00e4sittelyn tarkoitus<\/strong><\/p>\n\n\n\n<p>O\u00dc Finest Agency k\u00e4sittelee kohdassa 1 kuvattuja asiakastietoja seuraaviin tarkoituksiin:<\/p>\n\n\n\n<p>1. O\u00dc Finest Agencyn asiakastiedoston luonti ja sen hallinnointi;<br>2. palvelujen tarjoaminen asiakkaalle;<br>3. O\u00dc Finest Agencyn palvelujen analysointi ja parantaminen;<br>4. verkkosivuston hallinnointi;<br>5. laista tulevien velvoitteiden t\u00e4yt\u00e4nt\u00f6;<br>6. asiakkaiden kyselyihin vastaaminen.<\/p>\n\n\n\n<p><strong>3. Henkil\u00f6tietojen (tietojen) k\u00e4ytt\u00f6 ja s\u00e4ilytys<\/strong><\/p>\n\n\n\n<p>O\u00dc Finest Agency ei jaa asiakkaan henkil\u00f6tietoja (tietoja) kolmansille osapuolille. Kaikkia tietoja k\u00e4ytet\u00e4\u00e4n vain viestint\u00e4\u00e4n ja paremman tuotteen tai palvelun tarjoamiseen. O\u00dc Finest Agency voi l\u00e4hett\u00e4\u00e4 asiakkailleen tietoja palveluistaan, tuotteistaan, uutiskirjeist\u00e4\u00e4n tai tarjouksistaan, jos asiakas itse on antanut meille omat yhteystietonsa, mutta vain siihen asti, kunnes asiakas pyyt\u00e4\u00e4 mainittujen toimintojen lopettamista tai poistuu uutiskirjeen vastaanottajaryhm\u00e4st\u00e4.<\/p>\n\n\n\n<p>Tiedot s\u00e4ilytet\u00e4\u00e4n siihen asti, kunnes asiakas ilmoittaa halustaan poistua asiakaslistalta.<br>Jos sinulla on kysytt\u00e4v\u00e4\u00e4 t\u00e4st\u00e4 aiheesta, ota meihin yhteytt\u00e4&nbsp;<a href=\"mailto:info@finestagency.ee\" class=\"rank-math-link\">info@finestagency.ee<\/a><\/p>\n\n\n\n<p>O\u00dc Finest Agencyll\u00e4 on k\u00e4yt\u00f6ss\u00e4\u00e4n tarvittavat tekniset, fyysiset ja organisatoriset turvatoimet asiakkaan henkil\u00f6tietojen (tietojen) suojelemiseksi katoamiselta ja lainvastaiselta k\u00e4sittelylt\u00e4.<\/p>\n\n\n\n<p><strong>4. Ev\u00e4steet<\/strong><\/p>\n\n\n\n<p>O\u00dc Finest Agencyn sivustolla nimelt\u00e4\u00e4n finestagency.ee k\u00e4ytet\u00e4\u00e4n ev\u00e4steit\u00e4. Ev\u00e4ste on pieni tekstitiedosto, jonka selain tallentaa asiakkaan k\u00e4ytt\u00e4m\u00e4\u00e4n laitteeseen automaattisesti. Ev\u00e4steit\u00e4 k\u00e4ytet\u00e4\u00e4n tiedon ker\u00e4\u00e4miseen siit\u00e4, miten asiakas k\u00e4ytt\u00e4\u00e4 sivustoa, jotta sivuston k\u00e4ytt\u00f6 voidaan muuttaa asiakkaalle henkil\u00f6kohtaisemmaksi ja k\u00e4ytt\u00e4j\u00e4yst\u00e4v\u00e4llisemm\u00e4ksi.<\/p>\n\n\n\n<p><a href=\"https:\/\/finestagency.ee\/fi\/\" class=\"rank-math-link\">https:\/\/finestagency.ee<\/a>&nbsp;k\u00e4ytt\u00e4\u00e4 sivustollaan seuraavia ev\u00e4steit\u00e4:<br>1. istuntoev\u00e4steet, joiden tarkoituksena on mahdollistaa palvelun k\u00e4ytt\u00f6;<br>2. ensimm\u00e4isen ja\/tai kolmannen osapuolen ev\u00e4steet, joiden tarkoituksena on n\u00e4ytt\u00e4\u00e4 asiakkaalle asiaankuuluvia mainoksia, tarjouksia ja parantaa asiakkaan sivuston k\u00e4ytt\u00f6kokemusta;<br>3. kolmannen osapuolen analyysiev\u00e4steet, joiden tarkoituksena on markkinointiviestinn\u00e4n optimointi. Asiakas voi est\u00e4\u00e4 laitteelleen tallennetut ev\u00e4steet muuttamalla selainasetuksiaan. Jos ev\u00e4steit\u00e4 ei k\u00e4ytet\u00e4 saattaa sivuston toiminta olla virheellist\u00e4 ja\/tai se ei saata toimia.<\/p>\n\n\n\n<p><a href=\"https:\/\/finestagency.ee\/fi\/\" class=\"rank-math-link\">https:\/\/finestagency.ee<\/a>&nbsp;sivusto k\u00e4ytt\u00e4\u00e4 ev\u00e4steit\u00e4 muuttaakseen k\u00e4ytt\u00e4j\u00e4kokemuksesi mukavammaksi. K\u00e4ytt\u00e4m\u00e4ll\u00e4 sivustoamme suostut ev\u00e4steiden k\u00e4ytt\u00f6\u00f6n, kuten k\u00e4ytt\u00f6-, tietosuojak\u00e4yt\u00e4nn\u00f6ss\u00e4mme ja ev\u00e4steiden k\u00e4ytt\u00f6ohjeessamme on kuvattu.<\/p>\n\n\n\n<p><strong>5. Asiakkaan oikeudet<\/strong><\/p>\n\n\n\n<p>Asiakkaalla on oikeus p\u00e4\u00e4st\u00e4 liki O\u00dc Finest Agencyn k\u00e4sittelemiin asiakkaan omiin henkil\u00f6tietoihin ja oikeus vaatia virheellisten henkil\u00f6tietojen korjaamista.<\/p>\n\n\n\n<p>Jos asiakkaalla on kysymyksi\u00e4 oikeuksistaan tai O\u00dc Finest Agency on h\u00e4nen mielest\u00e4\u00e4n rikkonut h\u00e4nen oikeuksiaan h\u00e4nen henkil\u00f6tietojensa (tietojensa) k\u00e4sittelyss\u00e4, tulee h\u00e4nen ehdottomasti ottaa yhteytt\u00e4 s\u00e4hk\u00f6postisoitteeseen&nbsp;<a href=\"mailto:info@finestagency.ee\" class=\"rank-math-link\">info@finestagency.ee<\/a>.<\/p>\n\n\n\n<p><strong>6. Muut asetukset<\/strong><\/p>\n\n\n\n<p>O\u00dc Finest Agencyll\u00e4 on oikeus muuttaa  tietosuojak\u00e4yt\u00e4nt\u00f6\u00e4 ja ev\u00e4steiden k\u00e4ytt\u00f6ohjeita yksipuolisesti. T\u00e4m\u00e4n ohjeen uusin versio on aina saatavilla t\u00e4ll\u00e4 sivustolla.<\/p>\n\n\n\n<p>T\u00e4h\u00e4n ev\u00e4steiden k\u00e4ytt\u00f6- ja tietosuojak\u00e4yt\u00e4nt\u00f6\u00f6n sovelletaan Viron tasavallan lakeja. K\u00e4yt\u00e4nn\u00f6st\u00e4 tulevat kiistat tai vaateet ratkaistaan Tallinnassa Harjun oikeusistuimessa.<\/p>","protected":false},"excerpt":{"rendered":"<p>Privaatsuspoliitika ja k\u00fcpsiste kasutamine&nbsp;https:\/\/finestagency.ee lehel Kehtiv alates 01.02.2021 1. O\u00dc Finest Agency isikuandmete t\u00f6\u00f6tlemise protsess O\u00dc Finest Agency t\u00f6\u00f6tleb j\u00e4rgmisi kliendi andmeid: ees- ja perekonnanimi, telefoninumber, e-posti aadress, isikuga seotud personaalse p\u00e4ringu informatsiooni ja kuup\u00e4eva. 2. Kliendi isikuandmete (andmete) t\u00f6\u00f6tlemise eesm\u00e4rgid O\u00dc Finest Agency t\u00f6\u00f6tleb punktis 1 kirjeldatud kliendi isikuandmeid j\u00e4rgmistel eesm\u00e4rkidel: 1. O\u00dc Finest [&hellip;]<\/p>","protected":false},"author":1,"featured_media":0,"parent":0,"menu_order":0,"comment_status":"closed","ping_status":"open","template":"","meta":{"footnotes":""},"class_list":["post-3","page","type-page","status-publish","hentry"],"_links":{"self":[{"href":"https:\/\/finestagency.ee\/fi\/wp-json\/wp\/v2\/pages\/3","targetHints":{"allow":["GET"]}}],"collection":[{"href":"https:\/\/finestagency.ee\/fi\/wp-json\/wp\/v2\/pages"}],"about":[{"href":"https:\/\/finestagency.ee\/fi\/wp-json\/wp\/v2\/types\/page"}],"author":[{"embeddable":true,"href":"https:\/\/finestagency.ee\/fi\/wp-json\/wp\/v2\/users\/1"}],"replies":[{"embeddable":true,"href":"https:\/\/finestagency.ee\/fi\/wp-json\/wp\/v2\/comments?post=3"}],"version-history":[{"count":13,"href":"https:\/\/finestagency.ee\/fi\/wp-json\/wp\/v2\/pages\/3\/revisions"}],"predecessor-version":[{"id":149,"href":"https:\/\/finestagency.ee\/fi\/wp-json\/wp\/v2\/pages\/3\/revisions\/149"}],"wp:attachment":[{"href":"https:\/\/finestagency.ee\/fi\/wp-json\/wp\/v2\/media?parent=3"}],"curies":[{"name":"wp","href":"https:\/\/api.w.org\/{rel}","templated":true}]}}